{"id":14,"date":"2023-02-10T22:32:48","date_gmt":"2023-02-10T22:32:48","guid":{"rendered":"https:\/\/derliromero.com\/?page_id=14"},"modified":"2023-03-21T20:12:40","modified_gmt":"2023-03-21T20:12:40","slug":"cv","status":"publish","type":"page","link":"https:\/\/derliromero.com\/index.php\/cv\/","title":{"rendered":"CV"},"content":{"rendered":"<p>[et_pb_section fb_built=\u00bb1&#8243; _builder_version=\u00bb4.20.0&#8243; _module_preset=\u00bbdefault\u00bb background_color=\u00bb#E6E6E6&#8243; global_colors_info=\u00bb{}\u00bb][et_pb_row _builder_version=\u00bb4.19.5&#8243; _module_preset=\u00bbdefault\u00bb global_colors_info=\u00bb{}\u00bb][et_pb_column type=\u00bb4_4&#8243; _builder_version=\u00bb4.19.5&#8243; _module_preset=\u00bbdefault\u00bb global_colors_info=\u00bb{}\u00bb][et_pb_text _builder_version=\u00bb4.20.0&#8243; _module_preset=\u00bbdefault\u00bb text_font=\u00bb||||||||\u00bb text_font_size=\u00bb12px\u00bb text_line_height=\u00bb1.1em\u00bb header_font=\u00bb||||||||\u00bb header_text_align=\u00bbleft\u00bb header_font_size=\u00bb20px\u00bb width=\u00bb70.3%\u00bb global_colors_info=\u00bb{}\u00bb]<\/p>\n<h1><strong>Derli Romero Cerna<\/strong><\/h1>\n<p>&nbsp;<\/p>\n<p><strong>EDUCATION<\/strong><\/p>\n<p><strong>2008-11<\/strong><span>\u00a0<\/span>Facultad de Artes y Dise\u00f1o. Universidad<span>\u00a0<\/span>Nacional Aut\u00f3noma de M\u00e9xico. Mexico City<\/p>\n<p><strong>1980-85<\/strong><span>\u00a0<\/span>Escuela Nacional de Pintura, Escultura y Grabado \u201c<em>La<span>\u00a0<\/span>Esmeralda<\/em>\u201d, INBA\/SEP, Mexico City<\/p>\n<p>&nbsp;<\/p>\n<p><strong>SOLO EXHIBITIONS<\/strong><\/p>\n<p><strong>2010<\/strong><span>\u00a0<\/span><em>Exposici\u00f3n gr\u00e1fica<\/em>. Centro Cultural Antiguo Colegio Jesuita, P\u00e1tzcuaro, Michoacan<\/p>\n<p><strong>2008<\/strong><span>\u00a0<\/span><em>Reflejos<\/em>. Galer\u00eda D. A. Siqueiros-UMSNH. Morelia, Michoacan<\/p>\n<p><strong>2007<\/strong><span>\u00a0<\/span><em>Tres nuevos proyectos gr\u00e1ficos<\/em>. Centro Cultural Universitario-UMSNH. Morelia, Mich.<\/p>\n<p><strong>2006<\/strong><span>\u00a0<\/span><em>Grabados<\/em>. Casa Ter\u00e1n-ICA. Aguascalientes, Aguascalientes<\/p>\n<p><strong>2006<\/strong><span>\u00a0<\/span><em>Grabados<\/em>. Festival Cultural de Marzo. Casa de<span>\u00a0<\/span>la Cultura.<span>\u00a0<\/span>Lagos<span>\u00a0<\/span>de Moreno, Jalisco<\/p>\n<p><strong>2004<span>\u00a0<\/span><\/strong><em>Anatom\u00eda del Deseo<\/em>. Centro Cultural Universitario-UMSNH. Morelia, Michoacan<\/p>\n<p><strong>2001<\/strong><span>\u00a0<\/span><em>Out of Hand<\/em>. New Paintings, Arts College International. San Diego, California<\/p>\n<p><strong>2001<\/strong><span>\u00a0<\/span><em>The Martyrdoms of<span>\u00a0<\/span>San Diego<\/em>. Moctezuma Gallery. San Diego, California<\/p>\n<p><strong>2001<\/strong><span>\u00a0<\/span><em>Dextra \/ Sinistra<\/em>. Malcolm A. Love Library.<span>\u00a0<\/span>San Diego<span>\u00a0<\/span>State<span>\u00a0<\/span>University. San Diego, CA<\/p>\n<p><strong>1994<\/strong><span>\u00a0<\/span><em>Piel Simb\u00f3lica<\/em>. Galer\u00eda de<span>\u00a0<\/span>la Ciudad.<span>\u00a0<\/span>Tijuana, B.C.<\/p>\n<p><strong>1991<\/strong><span>\u00a0<\/span><em>Grabados Recientes<\/em>. El Nopal Centenario. Tijuana, B.C.<\/p>\n<p><strong>1988<\/strong><span>\u00a0<\/span><em>La Mazorca<\/em>.<span>\u00a0<\/span>30 Dibujos. Casa Municipal de<span>\u00a0<\/span>la Cultura.<span>\u00a0<\/span>\u00a0Quer\u00e9taro, Qro.<\/p>\n<p><strong>1988<\/strong><span>\u00a0<\/span><em>Serie de las Flores<\/em>. Galer\u00eda de<span>\u00a0<\/span>la Unidad<span>\u00a0<\/span>Cultural<span>\u00a0<\/span>del Centro. Quer\u00e9taro, Qro.<\/p>\n<p><strong>1987<\/strong><span>\u00a0<\/span><em>Gr\u00e1fica<\/em>. City College Theater. San Diego, California<\/p>\n<p><strong>1987<\/strong><span>\u00a0<\/span><em>Pintura Reciente<\/em>. Galer\u00eda de Maestros Michoacanos. Casa de<span>\u00a0<\/span>la Cultura.<span>\u00a0<\/span>Morelia, Mich.<\/p>\n<p><strong>1985<\/strong><span>\u00a0<\/span><em>Autorretrato.<\/em><span>\u00a0<\/span>Galer\u00eda de<span>\u00a0<\/span>la Ciudad.<span>\u00a0<\/span>Mexicali, B.C.<\/p>\n<p><strong>1981<\/strong><span>\u00a0<\/span><em>Interiores<\/em>. Galer\u00eda de<span>\u00a0<\/span>la Ciudad.<span>\u00a0<\/span>Mexicali, B.C.<\/p>\n<p>&nbsp;<\/p>\n<p><strong>SELECTED GROUP EXHIBITIONS<\/strong><\/p>\n<p><strong>2011<\/strong><span>\u00a0<\/span><em>Crea so\u00f1ando a coraz\u00f3n abierto<\/em>, Centro Cultural Clavijero, Morelia, Michoacan.<\/p>\n<p><strong>2010<\/strong><span>\u00a0<\/span><em>Selected Works<\/em>, Laredo Community College, Laredo, Texas<\/p>\n<p><strong>2010<\/strong><span>\u00a0<\/span><em>Taller Michoac\u00e1n<\/em>, Museum of Printing History, Houston, Texas<\/p>\n<p><strong>2010<\/strong><span>\u00a0<\/span><em>Athenaeum Secret Sale<\/em>. Athenaeum Music &amp; Arts Library, la Jolla, California<\/p>\n<p><strong>2009<\/strong><span>\u00a0<\/span>S\u00e9ptima Bienal Nacional de Pintura y Grabado \u201c<em>Alfredo Zalce<\/em>\u201d, Museo de Arte<span>\u00a0<\/span>Contempor\u00e1neo \u201c<em>Alfredo Zalce<\/em>\u201d, Morelia, Michoacan<\/p>\n<p><strong>2008<\/strong><span>\u00a0<\/span><em>3+3 Gr\u00e1fica Michoacana<\/em>. Polyforum Cultural Siqueiros. Mexico City<\/p>\n<p><strong>2008<\/strong><span>\u00a0<\/span>X Encuentro Estatal de Pintura y Estampa \u201cEfra\u00edn Vargas\u201d, Casa de la Cultura. Morelia,<span>\u00a0<\/span>Michoacan.<\/p>\n<p><strong>2007<\/strong><span>\u00a0<\/span><em>Grabados from Michoac\u00e1n<\/em>, California State Fair, Sacramento, California<\/p>\n<p><strong>2007<\/strong><span>\u00a0<\/span>IX Encuentro Estatal de Pintura y Estampa \u201c<em>Efra\u00edn Vargas<\/em>\u201d Casa de<span>\u00a0<\/span>la Cultura.<span>\u00a0<\/span>Morelia,<span>\u00a0<\/span>Michoacan.<\/p>\n<p><strong>2006<\/strong><span>\u00a0<\/span><em>\u201cInter-Grabado\u201d 2005<\/em>. Fundaci\u00f3n \u201cLolita Rubial\u201d, Casa de<span>\u00a0<\/span>la Cultura. Minas, Uruguay.<span>\u00a0<\/span>South America<\/p>\n<p><strong>2006<\/strong><span>\u00a0<\/span><em>Arte y Oficio<\/em>. Museo Estatal de Arte F. A. Kovalenko, Krasnodar, Russian Federation.<\/p>\n<p><strong>2006<\/strong><span>\u00a0<\/span><em>Conjeturas<\/em>. Obras de la colecci\u00f3n del taller del Antiguo Colegio \u00a0Jesuita, P\u00e1tzcuaro. Museo<span>\u00a0<\/span>Nacional de la Estampa. Mexico City<\/p>\n<p><strong>2006<\/strong><span>\u00a0<\/span><em>Vertientes<\/em>. Galer\u00eda D. A. Siqueiros. Escuela Popular de Bellas Artes-UMSNH. Morelia,<span>\u00a0<\/span>Michoacan.<\/p>\n<p><strong>2004<span>\u00a0<\/span><\/strong><em>Cuarta Bienal Alfredo Zalce<\/em>. Museo de Arte Contempor\u00e1neo. Morelia, Michoacan.<\/p>\n<p><strong>2003<\/strong><span>\u00a0<\/span><em>Farsight\/ Circa<\/em>. Sala de Arte P\u00fablico Siqueiros. Mexico City<\/p>\n<p><strong>2003<\/strong><span>\u00a0<\/span><em>Biennale Internazionale dell\u00b4Arte Contemporanea<\/em>. Florence, Italy<\/p>\n<p><strong>2002<\/strong><span>\u00a0<\/span><em>Beauty and Meaning<\/em>. Art and Poetry in the Books Arts of<span>\u00a0<\/span>Mexico. UC Irvine Main Library.<span>\u00a0<\/span>Irvine, California<\/p>\n<p><strong>2002<\/strong><span>\u00a0<\/span><em>Four.<span>\u00a0<\/span><\/em>Athenaeum Library.<span>\u00a0<\/span>La Jolla, California<\/p>\n<p><strong>2001<\/strong><span>\u00a0<\/span><em>Latin American Artists: A Contemporary Journey<\/em>.<span>\u00a0<\/span>Museum<span>\u00a0<\/span>of<span>\u00a0<\/span>Latin American<span>\u00a0<\/span>Art. Long<span>\u00a0<\/span>Beach, California<\/p>\n<p><strong>2001<\/strong><span>\u00a0<\/span><em>Auction 2001<\/em>. Contemporary Latin American Graphics.<span>\u00a0<\/span>Museum<span>\u00a0<\/span>of<span>\u00a0<\/span>Latin American<span>\u00a0<\/span>Art.<span>\u00a0<\/span>Long Beach, California<\/p>\n<p><strong>2001<\/strong><span>\u00a0<\/span><em>Fantasy Library<\/em>. Athenaeum Library.<span>\u00a0<\/span>La Jolla, California<\/p>\n<p><strong>2000<\/strong><span>\u00a0<\/span><em>Primera Bienal de Estampa<\/em><span>\u00a0<\/span>\u201c<em>Rufino Tamayo<\/em>\u201d Mexico City<\/p>\n<p><strong>2000<\/strong><span>\u00a0<\/span><em>Works on Green Field Papers<\/em>. Spruce Street Forum. San Diego, California<\/p>\n<p><strong>1999<\/strong><span>\u00a0<\/span><em>Segunda Bienal<\/em><span>\u00a0<\/span>\u201cAlfredo Zalce\u201d. Museo de Arte Contempor\u00e1neo. Morelia, Mich.<\/p>\n<p><strong>1999<\/strong><span>\u00a0<\/span><em>Primera Bienal<\/em><span>\u00a0<\/span>\u201c<em>Paul Gaugin<\/em>\u201d Chilpancingo, Guerrero.<\/p>\n<p><strong>1997<\/strong><span>\u00a0<\/span><em>Artists\u00b4Books.<\/em><span>\u00a0<\/span>Brighton Press. San Diego, California<\/p>\n<p><strong>1997<\/strong><span>\u00a0<\/span><em>Primera Bienal<\/em><span>\u00a0<\/span>\u201c<em>Alfredo Zalce<\/em>\u201d Museo de Arte Contempor\u00e1neo. Morelia, Michoacan<\/p>\n<p><strong>1996<\/strong><span>\u00a0<\/span><em>Group Shot<\/em>. Simayspace: Design. San Diego, California<\/p>\n<p><strong>1996<\/strong><span>\u00a0<\/span><em>Bestiario.<\/em><span>\u00a0<\/span>Museo de Arte Contempor\u00e1neo. Morelia, Michoacan<\/p>\n<p><strong>1995<\/strong><span>\u00a0<\/span><em>Limited Editions<\/em>. Simayspace: Design. San Diego, California<\/p>\n<p><strong>1995<\/strong><span>\u00a0<\/span><em>Cool Summer\/ Verano Suave<\/em>. Simayspace: Design. San Diego, California<\/p>\n<p><strong>1994<\/strong><span>\u00a0<\/span><em>Human-Nature<\/em>. Simayspace: Design. San Diego, California<\/p>\n<p><strong>1994<\/strong><span>\u00a0<\/span><em>Exposici\u00f3n Colectiva Anual<\/em>. Galer\u00eda de<span>\u00a0<\/span>la Ciudad.<span>\u00a0<\/span>Tijuana, B.C.<\/p>\n<p><strong>1994<\/strong><span>\u00a0<\/span><em>New Work<\/em>. Simayspace: Design. San Diego, California<\/p>\n<p><strong>1993<\/strong><span>\u00a0<\/span><em>The Prints and the Paper<\/em>. San Diego Art Institute. San Diego, California<\/p>\n<p><strong>1993<\/strong><span>\u00a0<\/span><em>Book Arts<\/em>. Boehm Gallery.<span>\u00a0<\/span>Palomar<span>\u00a0<\/span>College. San Marcos, California<\/p>\n<p><strong>1993<\/strong><span>\u00a0<\/span><em>Sal\u00f3n Anual de Mini- Estampa<\/em>. Museo Nacional de<span>\u00a0<\/span>la \u00a0Estampa-INBA.<span>\u00a0<\/span>Mexico City<\/p>\n<p><strong>1992<\/strong><span>\u00a0<\/span><em>Tijuana<span>\u00a0<\/span>in Telluride<\/em>. Ridway Gallery. Ridway, Colorado<\/p>\n<p><strong>1992<span>\u00a0<\/span><\/strong><em>Works on Paper<\/em>. 25<sup>th<\/sup><span>\u00a0<\/span>University<span>\u00a0<\/span>of<span>\u00a0<\/span>Delaware<span>\u00a0<\/span>Biennial. University Gallery. Newark, DE<\/p>\n<p><strong>1991<\/strong><span>\u00a0<\/span><em>Limited Editions Books<\/em>. Allene Lapides Gallery. Santa Fe, NM<\/p>\n<p><strong>1991<\/strong><span>\u00a0<\/span><em>Second Bharat Bhavan International Biennial of Prints<\/em>. Bhopal, India<\/p>\n<p><strong>1991<\/strong><span>\u00a0<\/span><em>La \u00a0\u00a0Naturaleza<span>\u00a0<\/span>\u00a0Simbolizada<\/em>.<span>\u00a0<\/span>Galer\u00eda de Hacienda.<span>\u00a0<\/span>La Casona<span>\u00a0<\/span>II.<span>\u00a0<\/span>Mexico City<\/p>\n<p><strong>1991<\/strong><span>\u00a0<\/span><em>Recent Publications<\/em>.<span>\u00a0<\/span>Brighton<span>\u00a0<\/span>Press. San Diego, California<\/p>\n<p><strong>1991<\/strong><span>\u00a0<\/span><em>11<\/em><em><sup>th<\/sup><\/em><span><em>\u00a0<\/em><\/span><em>Mini Print International<\/em>. Taller Galer\u00eda Fort. Cadaqu\u00e9s, Spain<\/p>\n<p><strong>1990<\/strong><span>\u00a0<\/span><em>Reflejos : Infierno y Paraiso<\/em>. Siete Artistas Observan a Van Gogh. Centro Cultural de Santo<span>\u00a0<\/span>Domingo-INBA. Mexico City<\/p>\n<p><strong>1990<\/strong><span>\u00a0<\/span><em>Midsummer Award Show<\/em>. San Diego Art Institute. San Diego, California<\/p>\n<p><strong>1989<\/strong><span>\u00a0<\/span><em>IX Encuentro Nacional de Arte Joven<\/em>. Museo Carrillo Gil-INBA. Mexico City<\/p>\n<p><strong>1989<\/strong><span>\u00a0<\/span><em>Pintura en Caliente<\/em>. Museo de Arte Contempor\u00e1neo. Morelia, Michoacan<\/p>\n<p><strong>1987<\/strong><span>\u00a0<\/span><em>Se Come<\/em>. Galer\u00eda OMR. M\u00e9xico, D.F.<\/p>\n<p><strong>1987<\/strong><span>\u00a0<\/span><em>VI Encuentro Nacional de Pintura<\/em>. Galer\u00eda del Auditorio Nacional. Mexico City<\/p>\n<p><strong>1987<\/strong><span>\u00a0<\/span><em>Exposici\u00f3n de Invierno 1987<\/em>. Galer\u00eda de Maestros Michoacanos. Casa de<span>\u00a0<\/span>la Cultura.<span>\u00a0<\/span>Morelia, Michoacan<\/p>\n<p><strong>1986<\/strong><span>\u00a0<\/span><em>Taller de Serigraf\u00eda M-CH<\/em>. Museo de Arte Contempor\u00e1neo, Morelia, Mich.<\/p>\n<p><strong>1985<span>\u00a0<\/span><\/strong><em>V Encuentro Nacional de Arte Joven<\/em>. Palacio de Bellas Artes-INBA. M\u00e9xico, D.F.<\/p>\n<p><strong>1985<\/strong><span>\u00a0<\/span><em>El Retrato<\/em>. Galer\u00eda OMR. Mexico City<\/p>\n<p><strong>1985<\/strong><span>\u00a0<\/span><em>Quince Artistas de Baja California<\/em>. SDSU-IV. Calexico, California<\/p>\n<p><strong>1984<\/strong><span>\u00a0<\/span><em>IV Encuentro Nacional de Arte Joven<\/em>. Galer\u00eda del Auditorio Nacional- INBA. Mexico City<\/p>\n<p>&nbsp;<\/p>\n<p><strong>HONORS Y AWARDS<\/strong><\/p>\n<p><strong>2009<\/strong><span>\u00a0<\/span>First Prize. XI Encuentro Estatal de Pintura y Estampa \u201cEfra\u00edn Vargas\u201d, Morelia, Michoacan<\/p>\n<p><strong>2007<\/strong><span>\u00a0<\/span><em>Honorable mention<\/em>. IX Encuentro Estatal de Pintura y Estampa \u201c<em>Efra\u00edn Vargas<\/em>\u201d Morelia,<span>\u00a0<\/span>Mich.<\/p>\n<p><strong>2005<\/strong><span>\u00a0<\/span><em>Honorable mention.<\/em><span>\u00a0<\/span>VIII Encuentro Estatal de Pintura y Estampa \u201c<em>Efra\u00edn Vargas<\/em>\u201d Morelia,<span>\u00a0<\/span>Mich.<\/p>\n<p><strong>2003<\/strong><span>\u00a0<\/span><em>Honorable mention<\/em>. IX Sal\u00f3n Estatal de<span>\u00a0<\/span>la Acuarela.<span>\u00a0<\/span>Morelia, Mich.<\/p>\n<p><strong>2002<\/strong><span>\u00a0<\/span><em>Honorable mention<\/em>. V Encuentro Estatal \u201c<em>Efra\u00edn Vargas<\/em>\u201d. Morelia, Mich<\/p>\n<p><strong>1994<\/strong><span>\u00a0<\/span><em>Third Place<\/em>. Segundo Sal\u00f3n Michoacano de<span>\u00a0<\/span>la Acuarela.<span>\u00a0<\/span>Uruapan, Mich.<\/p>\n<p><strong>1991<\/strong><span>\u00a0<\/span><em>Drawing Prize<\/em>. II Bienal Internacional. Encuentro de Artistas Pl\u00e1sticos. Universidad<span>\u00a0<\/span>Aut\u00f3noma de Baja California. Mexicali, B.C.<\/p>\n<p><strong>1985<\/strong><span>\u00a0<\/span><em>First Prize<\/em>. V Encuentro Nacional de Arte Joven-INBA, Aguascalientes, Ags.<\/p>\n<p>&nbsp;<\/p>\n<p><strong>PUBLIC COLLECTIONS<\/strong><\/p>\n<p>Athenaeum Music and Arts Library<em>.<span>\u00a0<\/span><\/em>La Jolla, California<\/p>\n<p>Boston University. Mugar Memorial Library<em>.<span>\u00a0<\/span><\/em>Boston, Massachusetts<\/p>\n<p>California State University, Sacramento<em>.<span>\u00a0<\/span><\/em>Special Collections. Sacramento, California<\/p>\n<p>Claremont College. Deneson Library. Claremont, California<\/p>\n<p>Darmouth College. Baker Library, Rare Book Collection. Hanover, New Hempshire<\/p>\n<p>Ibero-Amerikanisches Institute. Preussicher Kulturbesitz. Berlin, Germany<\/p>\n<p>Latin American Art Museum. R. Gumbiner Foundation. Long Beach, California<\/p>\n<p>Library of Congress, Rare Book and Special Collections Division. Washington, D.C<\/p>\n<p>Mills College. Special Collections. Oakland, California<\/p>\n<p>Museo de Arte Contempor\u00e1neo. Aguascalientes, Aguascalientes<\/p>\n<p>Museo Estatal de Arte F. A.<span><em>\u00a0<\/em><\/span>Kovalenko. Krasnodar, Russian Federation<\/p>\n<p>Museo Nacional de la Estampa<em>,<span>\u00a0<\/span><\/em>INBA.<span><em>\u00a0<\/em><\/span>Mexico City<\/p>\n<p>Print Department of the New York Public Library. New York City<\/p>\n<p>San Diego Public Library. Special Collections. San Diego, California<\/p>\n<p>San Diego State University. Malcom A. Love Library. San Diego, California<\/p>\n<p>Stanford University. Cecil H. Green Library. Stanford, California<\/p>\n<p>Temple University. Samuel Paley Library. Philadelphia, Pennsylvania<\/p>\n<p>The Getty Research Institute. Santa Monica, California<\/p>\n<p>The James S. Copley Library. La Jolla, California<\/p>\n<p>UC Berkeley. Bancroft Library. Berkeley, California<\/p>\n<p>UC San Diego. Special Collections. La Jolla, California<\/p>\n<p>UC San Francisco. Special Collections. San Francisco, California<\/p>\n<p>UCLA Hammer Museum. Los Angeles, California<\/p>\n<p>University of California, Irvine. Special Collections. Irvine, California<\/p>\n<p>University of San Diego. Copley Library. San Diego, California<\/p>\n<p>Yale University. Beinecke Library. New Haven, Connecticut<\/p>\n<p>[\/et_pb_text][\/et_pb_column][\/et_pb_row][\/et_pb_section]<\/p>\n","protected":false},"excerpt":{"rendered":"<p>Derli Romero Cerna &nbsp; EDUCATION 2008-11\u00a0Facultad de Artes y Dise\u00f1o. Universidad\u00a0Nacional Aut\u00f3noma de M\u00e9xico. Mexico City 1980-85\u00a0Escuela Nacional de Pintura, Escultura y Grabado \u201cLa\u00a0Esmeralda\u201d, INBA\/SEP, Mexico City &nbsp; SOLO EXHIBITIONS 2010\u00a0Exposici\u00f3n gr\u00e1fica. Centro Cultural Antiguo Colegio Jesuita, P\u00e1tzcuaro, Michoacan 2008\u00a0Reflejos. Galer\u00eda D. A. Siqueiros-UMSNH. Morelia, Michoacan 2007\u00a0Tres nuevos proyectos gr\u00e1ficos. Centro Cultural Universitario-UMSNH. Morelia, Mich. [&hellip;]<\/p>\n","protected":false},"author":1,"featured_media":0,"parent":0,"menu_order":0,"comment_status":"closed","ping_status":"closed","template":"","meta":{"_et_pb_use_builder":"on","_et_pb_old_content":"<!-- wp:divi\/placeholder \/-->","_et_gb_content_width":"","footnotes":""},"class_list":["post-14","page","type-page","status-publish","hentry"],"_links":{"self":[{"href":"https:\/\/derliromero.com\/index.php\/wp-json\/wp\/v2\/pages\/14","targetHints":{"allow":["GET"]}}],"collection":[{"href":"https:\/\/derliromero.com\/index.php\/wp-json\/wp\/v2\/pages"}],"about":[{"href":"https:\/\/derliromero.com\/index.php\/wp-json\/wp\/v2\/types\/page"}],"author":[{"embeddable":true,"href":"https:\/\/derliromero.com\/index.php\/wp-json\/wp\/v2\/users\/1"}],"replies":[{"embeddable":true,"href":"https:\/\/derliromero.com\/index.php\/wp-json\/wp\/v2\/comments?post=14"}],"version-history":[{"count":9,"href":"https:\/\/derliromero.com\/index.php\/wp-json\/wp\/v2\/pages\/14\/revisions"}],"predecessor-version":[{"id":954,"href":"https:\/\/derliromero.com\/index.php\/wp-json\/wp\/v2\/pages\/14\/revisions\/954"}],"wp:attachment":[{"href":"https:\/\/derliromero.com\/index.php\/wp-json\/wp\/v2\/media?parent=14"}],"curies":[{"name":"wp","href":"https:\/\/api.w.org\/{rel}","templated":true}]}}